{"id":733,"date":"2025-06-03T10:06:18","date_gmt":"2025-06-03T10:06:18","guid":{"rendered":"https:\/\/www.atmscopes.com\/?page_id=733"},"modified":"2025-07-18T21:19:27","modified_gmt":"2025-07-18T21:19:27","slug":"quality-policy","status":"publish","type":"page","link":"https:\/\/www.atmscopes.com\/en\/politica-de-la-calidad\/","title":{"rendered":"Quality Policy"},"content":{"rendered":"<p>Misi\u00f3n y Visi\u00f3n<\/p>\n\n\n\n<ul class=\"wp-block-list\">\n<li>Misi\u00f3n:<\/li>\n<\/ul>\n\n\n\n<p>La misi\u00f3n de ATM SCOPES, S.L. es llevar a cabo nuestras actividades mejorando continuamente la calidad, y situ\u00e1ndonos un paso por delante de las expectativas de los clientes.<\/p>\n\n\n\n<ul class=\"wp-block-list\">\n<li>Visi\u00f3n:<\/li>\n<\/ul>\n\n\n\n<p>El futuro de nuestra empresa estar\u00e1 asegurado a trav\u00e9s del compromiso con la calidad, el enfoque de servicio a nuestros clientes, as\u00ed como por la cualificaci\u00f3n e implicaci\u00f3n de nuestros empleados.<\/p>\n\n\n\n<p>Compromisos y valores estrat\u00e9gicos<\/p>\n\n\n\n<p>El empe\u00f1o por satisfacer al cliente, merecer su confianza, y prestar un servicio de calidad a las necesidades del cliente, desde la cercan\u00eda, ser\u00e1 el punto de mira de todo lo que hagamos. Solo de esta manera potenciaremos relaciones estables y duraderas con los clientes actuales y conseguiremos otros nuevos.<\/p>\n\n\n\n<p>Mantener siempre con el cliente una comunicaci\u00f3n fluida para atender sus necesidades, requisitos y expectativas.<\/p>\n\n\n\n<p>Formar a nuestros profesionales de forma que adquieran conocimientos y habilidades, que les permitan afrontar sus funciones de forma eficaz y responsable.<\/p>\n\n\n\n<p>La base fundamental de la fuerza de nuestra empresa reside en los empleados, a los que procuraremos en todo momento un entorno de trabajo que facilite su motivaci\u00f3n, implicaci\u00f3n, competencia y orgullo por su contribuci\u00f3n al trabajo realizado, as\u00ed como unas condiciones de trabajo seguras y saludables.<\/p>\n\n\n\n<p>Adoptar nuevas tecnolog\u00edas siempre que sean econ\u00f3micamente viables.<\/p>\n\n\n\n<p>Promover en todo momento la responsabilidad y la sensibilidad con respecto a la mejora continua de la calidad.<\/p>\n\n\n\n<p>Garantizar la eficacia econ\u00f3mica de la empresa frente al alto nivel de competitividad del mercado.<\/p>\n\n\n\n<p>Valores Operativos<\/p>\n\n\n\n<p>Apoyaremos, daremos soporte y adem\u00e1s desarrollaremos una organizaci\u00f3n que:<\/p>\n\n\n\n<p>\u00b7 Est\u00e9 centrada en la mejora continua<\/p>\n\n\n\n<p>\u00b7 Est\u00e9 dirigida a satisfacer las expectativas de los clientes y cumplir con requisitos legales y reglamentarios aplicables<\/p>\n\n\n\n<p>\u00b7 Se base en el trabajo en equipo<\/p>\n\n\n\n<p>\u00b7 Se comunique abiertamente y estimule respuestas<\/p>\n\n\n\n<p>\u00b7 Garantice la adecuada formaci\u00f3n<\/p>\n\n\n\n<p>\u00b7 Ofrezca un ambiente de trabajo seguro<\/p>\n\n\n\n<p>\u00b7 Estimule la iniciativa, innovaci\u00f3n y creatividad<\/p>\n\n\n\n<p>\u00b7 Reconozca los logros individuales y de equipo<\/p>\n\n\n\n<p>\u00b7 Compromiso social y transparente respecto a las actividades de la empresa<\/p>\n\n\n\n<p>Para conseguirlo fijaremos los indicadores correspondientes a cada uno de los par\u00e1metros medibles a los que asignaremos valores que constituir\u00e1n nuestros objetivos de la calidad para el periodo fijado, y progresivamente m\u00e1s ambiciosos.<\/p>\n\n\n\n<p>Objetivos de la calidad que acompa\u00f1ar\u00e1n a la presente declaraci\u00f3n y que ser\u00e1n revisados conjuntamente en periodos prefijados.<\/p>\n\n\n\n<p>Las relaciones de nuestra empresa, con nuestros empleados, proveedores y clientes, ser\u00e1n honestas, objetivas y rectas, reconociendo siempre la dignidad de la persona.<\/p>\n\n\n\n<p>Admitimos que estos son los valores compartidos dentro de la empresa ATM SCOPES, S.L.<\/p>","protected":false},"excerpt":{"rendered":"<p>Misi\u00f3n y Visi\u00f3n La misi\u00f3n de ATM SCOPES, S.L. es llevar a cabo nuestras actividades mejorando continuamente la calidad, y situ\u00e1ndonos un paso por delante de las expectativas de los clientes. El futuro de nuestra empresa estar\u00e1 asegurado a trav\u00e9s del compromiso con la calidad, el enfoque de servicio a nuestros clientes, as\u00ed como por [&hellip;]<\/p>\n","protected":false},"author":1,"featured_media":0,"parent":0,"menu_order":0,"comment_status":"closed","ping_status":"closed","template":"","meta":{"_gspb_post_css":"","footnotes":""},"class_list":["post-733","page","type-page","status-publish","hentry"],"blocksy_meta":[],"_links":{"self":[{"href":"https:\/\/www.atmscopes.com\/en\/wp-json\/wp\/v2\/pages\/733","targetHints":{"allow":["GET"]}}],"collection":[{"href":"https:\/\/www.atmscopes.com\/en\/wp-json\/wp\/v2\/pages"}],"about":[{"href":"https:\/\/www.atmscopes.com\/en\/wp-json\/wp\/v2\/types\/page"}],"author":[{"embeddable":true,"href":"https:\/\/www.atmscopes.com\/en\/wp-json\/wp\/v2\/users\/1"}],"replies":[{"embeddable":true,"href":"https:\/\/www.atmscopes.com\/en\/wp-json\/wp\/v2\/comments?post=733"}],"version-history":[{"count":1,"href":"https:\/\/www.atmscopes.com\/en\/wp-json\/wp\/v2\/pages\/733\/revisions"}],"predecessor-version":[{"id":734,"href":"https:\/\/www.atmscopes.com\/en\/wp-json\/wp\/v2\/pages\/733\/revisions\/734"}],"wp:attachment":[{"href":"https:\/\/www.atmscopes.com\/en\/wp-json\/wp\/v2\/media?parent=733"}],"curies":[{"name":"wp","href":"https:\/\/api.w.org\/{rel}","templated":true}]}}