{"id":597,"date":"2025-03-25T11:03:14","date_gmt":"2025-03-25T11:03:14","guid":{"rendered":"https:\/\/www.atmscopes.com\/?post_type=product&#038;p=597"},"modified":"2025-07-19T08:07:56","modified_gmt":"2025-07-19T08:07:56","slug":"olympus-gif-q180","status":"publish","type":"product","link":"https:\/\/www.atmscopes.com\/en\/producto\/olympus-gif-q180\/","title":{"rendered":"Olympus GIF-Q180 \u2013 Refurbished Gastroscope"},"content":{"rendered":"<p>Excellent image quality with clear, sharp images and realistic colour reproduction presented on a large screen, which is easy to see.  It provides a realistic colour reproduction on a large screen which is easy to see in routines inspections with strandard illumination or NBI.<\/p>\n<p>It allows a detailed inspection of the upper gastrointestinal area.  It has advanced technology, such as better lighting and the capacity to see wide angles, it facilitates precise diagnosis and minimally invasive procedures.<\/p>","protected":false},"excerpt":{"rendered":"<p>Excelente calidad de imagen con im\u00e1genes n\u00edtidas y claras y reproducci\u00f3n de color realista en un tama\u00f1o de pantalla grande y f\u00e1cil de ver. Ofrece una reproducci\u00f3n del color realista en un tama\u00f1o de pantalla grande y f\u00e1cil de ver en inspecciones de rutina con iluminaci\u00f3n est\u00e1ndar o NBI. Permite una inspecci\u00f3n detallada del tracto [&hellip;]<\/p>\n","protected":false},"featured_media":620,"comment_status":"open","ping_status":"closed","template":"","meta":{"_gspb_post_css":"","wds_primary_product_brand":0,"wds_primary_product_cat":0},"product_brand":[],"product_cat":[19],"product_tag":[],"class_list":{"0":"post-597","1":"product","2":"type-product","3":"status-publish","4":"has-post-thumbnail","6":"product_cat-endoscopios","8":"first","9":"instock","10":"shipping-taxable","11":"purchasable","12":"product-type-simple"},"_links":{"self":[{"href":"https:\/\/www.atmscopes.com\/en\/wp-json\/wp\/v2\/product\/597","targetHints":{"allow":["GET"]}}],"collection":[{"href":"https:\/\/www.atmscopes.com\/en\/wp-json\/wp\/v2\/product"}],"about":[{"href":"https:\/\/www.atmscopes.com\/en\/wp-json\/wp\/v2\/types\/product"}],"replies":[{"embeddable":true,"href":"https:\/\/www.atmscopes.com\/en\/wp-json\/wp\/v2\/comments?post=597"}],"wp:featuredmedia":[{"embeddable":true,"href":"https:\/\/www.atmscopes.com\/en\/wp-json\/wp\/v2\/media\/620"}],"wp:attachment":[{"href":"https:\/\/www.atmscopes.com\/en\/wp-json\/wp\/v2\/media?parent=597"}],"wp:term":[{"taxonomy":"product_brand","embeddable":true,"href":"https:\/\/www.atmscopes.com\/en\/wp-json\/wp\/v2\/product_brand?post=597"},{"taxonomy":"product_cat","embeddable":true,"href":"https:\/\/www.atmscopes.com\/en\/wp-json\/wp\/v2\/product_cat?post=597"},{"taxonomy":"product_tag","embeddable":true,"href":"https:\/\/www.atmscopes.com\/en\/wp-json\/wp\/v2\/product_tag?post=597"}],"curies":[{"name":"wp","href":"https:\/\/api.w.org\/{rel}","templated":true}]}}