{"id":629,"date":"2025-04-04T09:44:17","date_gmt":"2025-04-04T09:44:17","guid":{"rendered":"https:\/\/www.atmscopes.com\/?post_type=product&#038;p=629"},"modified":"2025-07-19T08:12:30","modified_gmt":"2025-07-19T08:12:30","slug":"olympus-gif-n180","status":"publish","type":"product","link":"https:\/\/www.atmscopes.com\/en\/producto\/olympus-gif-n180\/","title":{"rendered":"Olympus GIF-N180 \u2013 Refurbished Gastroscope"},"content":{"rendered":"<p>Videogastroscope<br \/>\nHelps to improve the patient's experience and guarantees an easier job for the specialists in patients with stenosis or pediatric use.<br \/>\nHigh resolution images, impeccable clarity which highlights every detail.<\/p>\n<p>It is a high quality, flexible endoscope mainly used in medical procedures, such as the gastroscopy.  It gives a clear and precise visual of the internal cavities of the body, and permits a detailed inspection with it's advanced image technology and ergonomic design which also makes it easy to control during any exploration.<\/p>","protected":false},"excerpt":{"rendered":"<p>Videogastroscopio. Contribuyen a mejorar el estado de los pacientes y garantizan un trabajo c\u00f3modo de los especialistas en pacientes con estenosis o uso pedi\u00e1trico. Im\u00e1genes de alta resoluci\u00f3n, claridad impecable que resalta cada detalle. Es un endoscopio flexible de alta calidad utilizado principalmente en procedimientos m\u00e9dicos, como la gastroscopia. Ofrece una visualizaci\u00f3n clara y precisa [&hellip;]<\/p>\n","protected":false},"featured_media":631,"comment_status":"open","ping_status":"closed","template":"","meta":{"_gspb_post_css":"","wds_primary_product_brand":0,"wds_primary_product_cat":0},"product_brand":[20],"product_cat":[19],"product_tag":[],"class_list":{"0":"post-629","1":"product","2":"type-product","3":"status-publish","4":"has-post-thumbnail","6":"product_brand-olympus","7":"product_cat-endoscopios","9":"first","10":"instock","11":"shipping-taxable","12":"purchasable","13":"product-type-simple"},"_links":{"self":[{"href":"https:\/\/www.atmscopes.com\/en\/wp-json\/wp\/v2\/product\/629","targetHints":{"allow":["GET"]}}],"collection":[{"href":"https:\/\/www.atmscopes.com\/en\/wp-json\/wp\/v2\/product"}],"about":[{"href":"https:\/\/www.atmscopes.com\/en\/wp-json\/wp\/v2\/types\/product"}],"replies":[{"embeddable":true,"href":"https:\/\/www.atmscopes.com\/en\/wp-json\/wp\/v2\/comments?post=629"}],"wp:featuredmedia":[{"embeddable":true,"href":"https:\/\/www.atmscopes.com\/en\/wp-json\/wp\/v2\/media\/631"}],"wp:attachment":[{"href":"https:\/\/www.atmscopes.com\/en\/wp-json\/wp\/v2\/media?parent=629"}],"wp:term":[{"taxonomy":"product_brand","embeddable":true,"href":"https:\/\/www.atmscopes.com\/en\/wp-json\/wp\/v2\/product_brand?post=629"},{"taxonomy":"product_cat","embeddable":true,"href":"https:\/\/www.atmscopes.com\/en\/wp-json\/wp\/v2\/product_cat?post=629"},{"taxonomy":"product_tag","embeddable":true,"href":"https:\/\/www.atmscopes.com\/en\/wp-json\/wp\/v2\/product_tag?post=629"}],"curies":[{"name":"wp","href":"https:\/\/api.w.org\/{rel}","templated":true}]}}