{"id":635,"date":"2025-04-04T13:43:35","date_gmt":"2025-04-04T13:43:35","guid":{"rendered":"https:\/\/www.atmscopes.com\/?post_type=product&#038;p=635"},"modified":"2026-03-19T16:32:08","modified_gmt":"2026-03-19T16:32:08","slug":"olympus-cf-h180al","status":"publish","type":"product","link":"https:\/\/www.atmscopes.com\/en\/producto\/olympus-cf-h180al\/","title":{"rendered":"Olympus CF-H180AL \u2013 Refurbished Colonoscope"},"content":{"rendered":"<p>High quality image with sophisticated sharpness and outstanding clarity.<\/p>\n<p>Colon videoscope EVIS EXERA II CF-H180AL\/I, compatible with HDTV and has the best resolution.    It includes advanced functions, such as narrow band images (NBI) and closer focus to improve the display and permit a complete observation of the colon.  It can facilitate a reduction in the margin of error, a shorter examination time and a more efficient procedure.<\/p>\n<p>Provides an excellent visual which cannot be passed by.<\/p>","protected":false},"excerpt":{"rendered":"<p>Alta calidad visual que destacan por su sofisticada nitidez con una claridad sobresaliente. Colonovideoscopio EVIS EXERA II CF-H180AL\/I, con compatibilidad HDTV y la mejor resoluci\u00f3n. Incluye funciones avanzadas como im\u00e1genes de banda estrecha (NBI) y enfoque cercano para mejorar la visualizaci\u00f3n, permite una observaci\u00f3n completa del colon y puede facilitar una reducci\u00f3n en las tasas [&hellip;]<\/p>\n","protected":false},"featured_media":636,"comment_status":"open","ping_status":"closed","template":"","meta":{"_gspb_post_css":"","wds_primary_product_brand":0,"wds_primary_product_cat":0},"product_brand":[20],"product_cat":[19],"product_tag":[],"class_list":{"0":"post-635","1":"product","2":"type-product","3":"status-publish","4":"has-post-thumbnail","6":"product_brand-olympus","7":"product_cat-endoscopios","9":"first","10":"instock","11":"shipping-taxable","12":"purchasable","13":"product-type-simple"},"_links":{"self":[{"href":"https:\/\/www.atmscopes.com\/en\/wp-json\/wp\/v2\/product\/635","targetHints":{"allow":["GET"]}}],"collection":[{"href":"https:\/\/www.atmscopes.com\/en\/wp-json\/wp\/v2\/product"}],"about":[{"href":"https:\/\/www.atmscopes.com\/en\/wp-json\/wp\/v2\/types\/product"}],"replies":[{"embeddable":true,"href":"https:\/\/www.atmscopes.com\/en\/wp-json\/wp\/v2\/comments?post=635"}],"wp:featuredmedia":[{"embeddable":true,"href":"https:\/\/www.atmscopes.com\/en\/wp-json\/wp\/v2\/media\/636"}],"wp:attachment":[{"href":"https:\/\/www.atmscopes.com\/en\/wp-json\/wp\/v2\/media?parent=635"}],"wp:term":[{"taxonomy":"product_brand","embeddable":true,"href":"https:\/\/www.atmscopes.com\/en\/wp-json\/wp\/v2\/product_brand?post=635"},{"taxonomy":"product_cat","embeddable":true,"href":"https:\/\/www.atmscopes.com\/en\/wp-json\/wp\/v2\/product_cat?post=635"},{"taxonomy":"product_tag","embeddable":true,"href":"https:\/\/www.atmscopes.com\/en\/wp-json\/wp\/v2\/product_tag?post=635"}],"curies":[{"name":"wp","href":"https:\/\/api.w.org\/{rel}","templated":true}]}}