{"id":637,"date":"2025-04-04T13:56:37","date_gmt":"2025-04-04T13:56:37","guid":{"rendered":"https:\/\/www.atmscopes.com\/?post_type=product&#038;p=637"},"modified":"2026-03-31T14:17:54","modified_gmt":"2026-03-31T14:17:54","slug":"pentax-ec-3490lk","status":"publish","type":"product","link":"https:\/\/www.atmscopes.com\/en\/producto\/pentax-ec-3490lk\/","title":{"rendered":"Pentax EC-3490LK \u2013 Refurbished Colonoscope"},"content":{"rendered":"<p>Pediatric videocolonoscope with therapeutic capacities.  High definition images.<br \/>\nCan be used in routine examinations of the colon in pediatrics and adults.<\/p>\n<p>LIghting system: usually includes adjustable lighting options, such as transmitted light or reflected light, to increase the visibility of the samples.<\/p>\n<p>Ergonomics and ease of use: Many of these models are designed to be comfortable to use and easy to adjust during long periods of use.<br \/>\nKnown in professional circles for their image quality and precision.<br \/>\nThis model stands out for its precise resolution and its lighting system which is adjustable and provides a better display of samples.<\/p>","protected":false},"excerpt":{"rendered":"<p>videocolonoscopio pedi\u00e1trico con capacidades terap\u00e9uticas.Imagenes de alta definici\u00f3n. Se puede utilizar para los ex\u00e1menes de rutina del colon, pedi\u00e1tricos y adultos. Sistema de iluminaci\u00f3n: Suele incluir opciones de iluminaci\u00f3n ajustable, como luz transmitida o reflejada, para mejorar la visibilidad de las muestras. Ergonom\u00eda y facilidad de uso: Muchos de estos modelos est\u00e1n dise\u00f1ados para ser [&hellip;]<\/p>\n","protected":false},"featured_media":638,"comment_status":"open","ping_status":"closed","template":"","meta":{"_gspb_post_css":"","wds_primary_product_brand":0,"wds_primary_product_cat":0},"product_brand":[21],"product_cat":[19],"product_tag":[],"class_list":{"0":"post-637","1":"product","2":"type-product","3":"status-publish","4":"has-post-thumbnail","6":"product_brand-pentax","7":"product_cat-endoscopios","9":"first","10":"instock","11":"shipping-taxable","12":"purchasable","13":"product-type-simple"},"_links":{"self":[{"href":"https:\/\/www.atmscopes.com\/en\/wp-json\/wp\/v2\/product\/637","targetHints":{"allow":["GET"]}}],"collection":[{"href":"https:\/\/www.atmscopes.com\/en\/wp-json\/wp\/v2\/product"}],"about":[{"href":"https:\/\/www.atmscopes.com\/en\/wp-json\/wp\/v2\/types\/product"}],"replies":[{"embeddable":true,"href":"https:\/\/www.atmscopes.com\/en\/wp-json\/wp\/v2\/comments?post=637"}],"wp:featuredmedia":[{"embeddable":true,"href":"https:\/\/www.atmscopes.com\/en\/wp-json\/wp\/v2\/media\/638"}],"wp:attachment":[{"href":"https:\/\/www.atmscopes.com\/en\/wp-json\/wp\/v2\/media?parent=637"}],"wp:term":[{"taxonomy":"product_brand","embeddable":true,"href":"https:\/\/www.atmscopes.com\/en\/wp-json\/wp\/v2\/product_brand?post=637"},{"taxonomy":"product_cat","embeddable":true,"href":"https:\/\/www.atmscopes.com\/en\/wp-json\/wp\/v2\/product_cat?post=637"},{"taxonomy":"product_tag","embeddable":true,"href":"https:\/\/www.atmscopes.com\/en\/wp-json\/wp\/v2\/product_tag?post=637"}],"curies":[{"name":"wp","href":"https:\/\/api.w.org\/{rel}","templated":true}]}}