{"id":639,"date":"2025-04-04T14:10:02","date_gmt":"2025-04-04T14:10:02","guid":{"rendered":"https:\/\/www.atmscopes.com\/?post_type=product&#038;p=639"},"modified":"2026-04-15T13:37:40","modified_gmt":"2026-04-15T13:37:40","slug":"olympus-bf-q-180","status":"publish","type":"product","link":"https:\/\/www.atmscopes.com\/en\/producto\/olympus-bf-q-180\/","title":{"rendered":"Olympus BF-Q180 \u2013 Refurbished Bronchoscope"},"content":{"rendered":"<p>Video bronchoschope<\/p>\n<p>Impressive resolution on the images, produces such high quality images that they can redefine the standard of examination protocols and treatment of the bronchial tree.  Standard exploration with NBI system.<\/p>\n<p>Compatible with the following processors:<\/p>\n<p>Evis CV-140<\/p>\n<p>Evis Exera CV-160<\/p>\n<p>Exera II CV-180<\/p>\n<p>Exera III CV-190<\/p>\n<p>NBI (narrow band images)<\/p>","protected":false},"excerpt":{"rendered":"<p>Videobroncoscopio Las Im\u00e1genes con una precisi\u00f3n impresionante de alta calidad producidas redefinen el est\u00e1ndar de los procedimientos de examen y tratamiento en el \u00e1rbol bronquial. Exploraci\u00f3n est\u00e1ndar con sistema NBI. Compatible con los siguientes procesadores: Evis CV-140 Evis Exera CV-160 Exera II CV-180 Exera III CV-190 NBI (im\u00e1genes de banda estrecha)<\/p>","protected":false},"featured_media":640,"comment_status":"open","ping_status":"closed","template":"","meta":{"_gspb_post_css":"","wds_primary_product_brand":0,"wds_primary_product_cat":0},"product_brand":[],"product_cat":[19],"product_tag":[],"class_list":{"0":"post-639","1":"product","2":"type-product","3":"status-publish","4":"has-post-thumbnail","6":"product_cat-endoscopios","8":"first","9":"instock","10":"shipping-taxable","11":"purchasable","12":"product-type-simple"},"_links":{"self":[{"href":"https:\/\/www.atmscopes.com\/en\/wp-json\/wp\/v2\/product\/639","targetHints":{"allow":["GET"]}}],"collection":[{"href":"https:\/\/www.atmscopes.com\/en\/wp-json\/wp\/v2\/product"}],"about":[{"href":"https:\/\/www.atmscopes.com\/en\/wp-json\/wp\/v2\/types\/product"}],"replies":[{"embeddable":true,"href":"https:\/\/www.atmscopes.com\/en\/wp-json\/wp\/v2\/comments?post=639"}],"wp:featuredmedia":[{"embeddable":true,"href":"https:\/\/www.atmscopes.com\/en\/wp-json\/wp\/v2\/media\/640"}],"wp:attachment":[{"href":"https:\/\/www.atmscopes.com\/en\/wp-json\/wp\/v2\/media?parent=639"}],"wp:term":[{"taxonomy":"product_brand","embeddable":true,"href":"https:\/\/www.atmscopes.com\/en\/wp-json\/wp\/v2\/product_brand?post=639"},{"taxonomy":"product_cat","embeddable":true,"href":"https:\/\/www.atmscopes.com\/en\/wp-json\/wp\/v2\/product_cat?post=639"},{"taxonomy":"product_tag","embeddable":true,"href":"https:\/\/www.atmscopes.com\/en\/wp-json\/wp\/v2\/product_tag?post=639"}],"curies":[{"name":"wp","href":"https:\/\/api.w.org\/{rel}","templated":true}]}}